{"id":5,"date":"2022-02-10T11:39:20","date_gmt":"2022-02-10T11:39:20","guid":{"rendered":"https:\/\/krone-hygiene-consulting.de\/?page_id=5"},"modified":"2022-02-10T11:39:20","modified_gmt":"2022-02-10T11:39:20","slug":"impressum","status":"publish","type":"page","link":"https:\/\/krone-hygiene-consulting.de\/?page_id=5","title":{"rendered":"Impressum"},"content":{"rendered":"\n<p><strong>Angaben gem\u00e4\u00df \u00a7 5 TMG:<\/strong><\/p>\n\n\n\n<p>KRONE Hygiene Consulting UG (haftungsbeschr\u00e4nkt)<br>Luegallee 109<br>40545 D\u00fcsseldorf<\/p>\n\n\n\n<p>Telefonnummer: 0211-69583356<br>E-Mail: info@krone-hc.de<\/p>\n\n\n\n<p>Registergericht: Amtsgericht D\u00fcsseldorf<br>Registernummer: HRB 96211<br>Vertretungsberechtigter Gesch\u00e4ftsf\u00fchrer: Johannes Krone<\/p>\n\n\n\n<p>Haftung f\u00fcr Links:<br>Unsere Internetseite enth\u00e4lt Links zu externen Websites Dritter, auf deren Inhalte wir keinen Einfluss haben. Deshalb k\u00f6nnen wir f\u00fcr diese fremden Inhalte auch keine Gew\u00e4hr \u00fcbernehmen. F\u00fcr die Inhalte der verlinkten Seiten ist stets der jeweilige Anbieter oder Betreiber der Seiten verantwortlich. Die verlinkten Seiten wurden zum Zeitpunkt der Verlinkung auf m\u00f6gliche Rechtsverst\u00f6\u00dfe \u00fcberpr\u00fcft. Rechtswidrige Inhalte waren zum Zeitpunkt der Verlinkung nicht erkennbar.<\/p>\n\n\n\n<p>Eine permanente inhaltliche Kontrolle der verlinkten Seiten ist jedoch ohne konkrete Anhaltspunkte einer Rechtsverletzung nicht zumutbar. Bei Bekanntwerden von Rechtsverletzungen werden wir derartige Links umgehend entfernen.<\/p>\n\n\n\n<p>Streitschlichtung<br>Wir sind nicht bereit oder verpflichtet, an Streitbeilegungsverfahren vor einer Verbraucherschlichtungsstelle teilzunehmen.<\/p>\n","protected":false},"excerpt":{"rendered":"<p>Angaben gem\u00e4\u00df \u00a7 5 TMG: KRONE Hygiene Consulting UG (haftungsbeschr\u00e4nkt)Luegallee 10940545 D\u00fcsseldorf Telefonnummer: 0211-69583356E-Mail: info@krone-hc.de Registergericht: Amtsgericht D\u00fcsseldorfRegisternummer: HRB 96211Vertretungsberechtigter Gesch\u00e4ftsf\u00fchrer: Johannes Krone Haftung f\u00fcr Links:Unsere Internetseite enth\u00e4lt Links zu externen Websites Dritter, auf deren Inhalte wir keinen Einfluss haben. Deshalb k\u00f6nnen wir f\u00fcr diese fremden Inhalte auch keine Gew\u00e4hr \u00fcbernehmen. F\u00fcr die Inhalte der [&hellip;]<\/p>\n","protected":false},"author":1,"featured_media":0,"parent":0,"menu_order":0,"comment_status":"closed","ping_status":"closed","template":"","meta":{"footnotes":""},"class_list":["post-5","page","type-page","status-publish","hentry"],"_links":{"self":[{"href":"https:\/\/krone-hygiene-consulting.de\/index.php?rest_route=\/wp\/v2\/pages\/5","targetHints":{"allow":["GET"]}}],"collection":[{"href":"https:\/\/krone-hygiene-consulting.de\/index.php?rest_route=\/wp\/v2\/pages"}],"about":[{"href":"https:\/\/krone-hygiene-consulting.de\/index.php?rest_route=\/wp\/v2\/types\/page"}],"author":[{"embeddable":true,"href":"https:\/\/krone-hygiene-consulting.de\/index.php?rest_route=\/wp\/v2\/users\/1"}],"replies":[{"embeddable":true,"href":"https:\/\/krone-hygiene-consulting.de\/index.php?rest_route=%2Fwp%2Fv2%2Fcomments&post=5"}],"version-history":[{"count":1,"href":"https:\/\/krone-hygiene-consulting.de\/index.php?rest_route=\/wp\/v2\/pages\/5\/revisions"}],"predecessor-version":[{"id":7,"href":"https:\/\/krone-hygiene-consulting.de\/index.php?rest_route=\/wp\/v2\/pages\/5\/revisions\/7"}],"wp:attachment":[{"href":"https:\/\/krone-hygiene-consulting.de\/index.php?rest_route=%2Fwp%2Fv2%2Fmedia&parent=5"}],"curies":[{"name":"wp","href":"https:\/\/api.w.org\/{rel}","templated":true}]}}